{"id":76,"date":"2025-02-10T09:02:30","date_gmt":"2025-02-10T09:02:30","guid":{"rendered":"https:\/\/basicjob.hu\/?page_id=76"},"modified":"2025-02-10T09:02:31","modified_gmt":"2025-02-10T09:02:31","slug":"visszaeles-bejelento-rendszer","status":"publish","type":"page","link":"https:\/\/basicjob.hu\/?page_id=76","title":{"rendered":"Vissza\u00e9l\u00e9s bejelent\u0151 rendszer"},"content":{"rendered":"<object class=\"vanilla-pdf-embed\" data=\"https:\/\/basicjob.hu\/wp-content\/uploads\/2025\/02\/2024panaszbejelentes.pdf#page=1&view=FitH\" type=\"application\/pdf\" width=\"850px\" height=\"1150em\">\n    <p><a href=\"https:\/\/basicjob.hu\/wp-content\/uploads\/2025\/02\/2024panaszbejelentes.pdf\">Download the PDF file .<\/a><\/p>\n<\/object>\n","protected":false},"excerpt":{"rendered":"","protected":false},"author":1,"featured_media":0,"parent":0,"menu_order":0,"comment_status":"closed","ping_status":"closed","template":"","meta":{"footnotes":""},"class_list":["post-76","page","type-page","status-publish","hentry"],"_links":{"self":[{"href":"https:\/\/basicjob.hu\/index.php?rest_route=\/wp\/v2\/pages\/76","targetHints":{"allow":["GET"]}}],"collection":[{"href":"https:\/\/basicjob.hu\/index.php?rest_route=\/wp\/v2\/pages"}],"about":[{"href":"https:\/\/basicjob.hu\/index.php?rest_route=\/wp\/v2\/types\/page"}],"author":[{"embeddable":true,"href":"https:\/\/basicjob.hu\/index.php?rest_route=\/wp\/v2\/users\/1"}],"replies":[{"embeddable":true,"href":"https:\/\/basicjob.hu\/index.php?rest_route=%2Fwp%2Fv2%2Fcomments&post=76"}],"version-history":[{"count":1,"href":"https:\/\/basicjob.hu\/index.php?rest_route=\/wp\/v2\/pages\/76\/revisions"}],"predecessor-version":[{"id":78,"href":"https:\/\/basicjob.hu\/index.php?rest_route=\/wp\/v2\/pages\/76\/revisions\/78"}],"wp:attachment":[{"href":"https:\/\/basicjob.hu\/index.php?rest_route=%2Fwp%2Fv2%2Fmedia&parent=76"}],"curies":[{"name":"wp","href":"https:\/\/api.w.org\/{rel}","templated":true}]}}