{"id":36,"date":"2022-06-29T14:37:17","date_gmt":"2022-06-29T14:37:17","guid":{"rendered":"http:\/\/basicjob.hu\/?page_id=36"},"modified":"2022-06-30T08:37:03","modified_gmt":"2022-06-30T08:37:03","slug":"elerhetosegek","status":"publish","type":"page","link":"https:\/\/basicjob.hu\/?page_id=36","title":{"rendered":"El\u00e9rhet\u0151s\u00e9gek"},"content":{"rendered":"\n<p>BASIC JOB Munkaer\u0151k\u00f6lcs\u00f6nz\u0151 Szoci\u00e1lis Sz\u00f6vetkezet<\/p>\n\n\n\n<p>7133 Fadd Arany J\u00e1nos u.  200. 1\/2 (sz\u00e9khely, nincs \u00fcgyf\u00e9lfogad\u00e1s)<\/p>\n\n\n\n<p>telefon: +36 30 521 8008<\/p>\n\n\n\n<p><a href=\"mailto: info@basicjob.hu\" data-type=\"mailto\" data-id=\"mailto: info@basicjob.hu\">email: info@basicjob.hu<\/a><\/p>\n","protected":false},"excerpt":{"rendered":"<p>BASIC JOB Munkaer\u0151k\u00f6lcs\u00f6nz\u0151 Szoci\u00e1lis Sz\u00f6vetkezet 7133 Fadd Arany J\u00e1nos u. 200. 1\/2 (sz\u00e9khely, nincs \u00fcgyf\u00e9lfogad\u00e1s) telefon: +36 30 521 8008 email: info@basicjob.hu<\/p>\n","protected":false},"author":1,"featured_media":0,"parent":0,"menu_order":0,"comment_status":"closed","ping_status":"closed","template":"","meta":{"footnotes":""},"class_list":["post-36","page","type-page","status-publish","hentry"],"_links":{"self":[{"href":"https:\/\/basicjob.hu\/index.php?rest_route=\/wp\/v2\/pages\/36","targetHints":{"allow":["GET"]}}],"collection":[{"href":"https:\/\/basicjob.hu\/index.php?rest_route=\/wp\/v2\/pages"}],"about":[{"href":"https:\/\/basicjob.hu\/index.php?rest_route=\/wp\/v2\/types\/page"}],"author":[{"embeddable":true,"href":"https:\/\/basicjob.hu\/index.php?rest_route=\/wp\/v2\/users\/1"}],"replies":[{"embeddable":true,"href":"https:\/\/basicjob.hu\/index.php?rest_route=%2Fwp%2Fv2%2Fcomments&post=36"}],"version-history":[{"count":3,"href":"https:\/\/basicjob.hu\/index.php?rest_route=\/wp\/v2\/pages\/36\/revisions"}],"predecessor-version":[{"id":56,"href":"https:\/\/basicjob.hu\/index.php?rest_route=\/wp\/v2\/pages\/36\/revisions\/56"}],"wp:attachment":[{"href":"https:\/\/basicjob.hu\/index.php?rest_route=%2Fwp%2Fv2%2Fmedia&parent=36"}],"curies":[{"name":"wp","href":"https:\/\/api.w.org\/{rel}","templated":true}]}}